{"id":5342,"date":"2024-02-01T17:44:42","date_gmt":"2024-02-01T16:44:42","guid":{"rendered":"https:\/\/lautrerives.com\/booking\/"},"modified":"2024-12-30T18:16:25","modified_gmt":"2024-12-30T17:16:25","slug":"booking","status":"publish","type":"page","link":"https:\/\/lautrerives.com\/en\/booking\/","title":{"rendered":"Booking"},"content":{"rendered":"\t\t<div data-elementor-type=\"wp-page\" data-elementor-id=\"5342\" class=\"elementor elementor-5342 elementor-4979\" data-elementor-post-type=\"page\">\n\t\t\t\t\t\t<section class=\"elementor-section elementor-top-section elementor-element elementor-element-5f95d2c2 elementor-section-full_width elementor-section-height-min-height elementor-section-items-top elementor-section-height-default\" data-id=\"5f95d2c2\" data-element_type=\"section\" data-settings=\"{&quot;background_background&quot;:&quot;gradient&quot;}\">\n\t\t\t\t\t\t\t<div class=\"elementor-background-overlay\"><\/div>\n\t\t\t\t\t\t\t<div class=\"elementor-container elementor-column-gap-default\">\n\t\t\t\t\t<div class=\"elementor-column elementor-col-100 elementor-top-column elementor-element elementor-element-4b2e0296\" data-id=\"4b2e0296\" data-element_type=\"column\" data-settings=\"{&quot;background_background&quot;:&quot;classic&quot;}\" data-e-bg-lazyload=\".elementor-element-populated\">\n\t\t\t<div class=\"elementor-widget-wrap elementor-element-populated\">\n\t\t\t\t\t\t<div class=\"elementor-element elementor-element-7ca8a756 animated-slow elementor-invisible elementor-widget elementor-widget-theme-site-logo elementor-widget-image\" data-id=\"7ca8a756\" data-element_type=\"widget\" data-settings=\"{&quot;_animation&quot;:&quot;zoomIn&quot;}\" data-widget_type=\"theme-site-logo.default\">\n\t\t\t\t<div class=\"elementor-widget-container\">\n\t\t\t\t\t\t\t\t\t<a href=\"https:\/\/lautrerives.com\/en\/\">\n\t\t\t<img fetchpriority=\"high\" decoding=\"async\" width=\"298\" height=\"200\" src=\"https:\/\/lautrerives.com\/wp-content\/uploads\/2023\/04\/lautre-rives-logo-chambre-d-hotes-albi.png\" class=\"attachment-large size-large wp-image-403\" alt=\"logo blanc de l&#039;Autre Rives, maison d&#039;h\u00f4tes \u00e0 Albi dans le Tarn\" \/>\t\t\t\t<\/a>\n\t\t\t\t\t\t\t\t\t<\/div>\n\t\t\t\t<\/div>\n\t\t\t\t\t<\/div>\n\t\t<\/div>\n\t\t\t\t\t<\/div>\n\t\t<\/section>\n\t\t\t\t<section class=\"elementor-section elementor-top-section elementor-element elementor-element-98404b3 elementor-section-boxed elementor-section-height-default elementor-section-height-default\" data-id=\"98404b3\" data-element_type=\"section\" data-settings=\"{&quot;background_background&quot;:&quot;classic&quot;}\">\n\t\t\t\t\t\t<div class=\"elementor-container elementor-column-gap-default\">\n\t\t\t\t\t<div class=\"elementor-column elementor-col-100 elementor-top-column elementor-element elementor-element-22d70c6\" data-id=\"22d70c6\" data-element_type=\"column\">\n\t\t\t<div class=\"elementor-widget-wrap elementor-element-populated\">\n\t\t\t\t\t\t<div class=\"elementor-element elementor-element-984c384 e-transform elementor-widget-divider--view-line elementor-invisible elementor-widget elementor-widget-divider\" data-id=\"984c384\" data-element_type=\"widget\" data-settings=\"{&quot;_transform_rotateZ_effect&quot;:{&quot;unit&quot;:&quot;px&quot;,&quot;size&quot;:90,&quot;sizes&quot;:[]},&quot;_animation&quot;:&quot;fadeInDown&quot;,&quot;_transform_rotateZ_effect_widescreen&quot;:{&quot;unit&quot;:&quot;deg&quot;,&quot;size&quot;:&quot;&quot;,&quot;sizes&quot;:[]},&quot;_transform_rotateZ_effect_laptop&quot;:{&quot;unit&quot;:&quot;deg&quot;,&quot;size&quot;:&quot;&quot;,&quot;sizes&quot;:[]},&quot;_transform_rotateZ_effect_tablet_extra&quot;:{&quot;unit&quot;:&quot;deg&quot;,&quot;size&quot;:&quot;&quot;,&quot;sizes&quot;:[]},&quot;_transform_rotateZ_effect_tablet&quot;:{&quot;unit&quot;:&quot;deg&quot;,&quot;size&quot;:&quot;&quot;,&quot;sizes&quot;:[]},&quot;_transform_rotateZ_effect_mobile_extra&quot;:{&quot;unit&quot;:&quot;deg&quot;,&quot;size&quot;:&quot;&quot;,&quot;sizes&quot;:[]},&quot;_transform_rotateZ_effect_mobile&quot;:{&quot;unit&quot;:&quot;deg&quot;,&quot;size&quot;:&quot;&quot;,&quot;sizes&quot;:[]}}\" data-widget_type=\"divider.default\">\n\t\t\t\t<div class=\"elementor-widget-container\">\n\t\t\t\t\t<div class=\"elementor-divider\">\n\t\t\t<span class=\"elementor-divider-separator\">\n\t\t\t\t\t\t<\/span>\n\t\t<\/div>\n\t\t\t\t<\/div>\n\t\t\t\t<\/div>\n\t\t\t\t\t<\/div>\n\t\t<\/div>\n\t\t\t\t\t<\/div>\n\t\t<\/section>\n\t\t\t\t<section class=\"elementor-section elementor-top-section elementor-element elementor-element-c65f366 elementor-section-full_width elementor-section-height-default elementor-section-height-default\" data-id=\"c65f366\" data-element_type=\"section\" data-settings=\"{&quot;background_background&quot;:&quot;classic&quot;}\">\n\t\t\t\t\t\t<div class=\"elementor-container elementor-column-gap-default\">\n\t\t\t\t\t<div class=\"elementor-column elementor-col-100 elementor-top-column elementor-element elementor-element-ef71420\" data-id=\"ef71420\" data-element_type=\"column\">\n\t\t\t<div class=\"elementor-widget-wrap elementor-element-populated\">\n\t\t\t\t\t\t<div class=\"elementor-element elementor-element-ff5d8ba animated-slow elementor-invisible elementor-widget elementor-widget-heading\" data-id=\"ff5d8ba\" data-element_type=\"widget\" data-settings=\"{&quot;_animation&quot;:&quot;fadeInDown&quot;}\" data-widget_type=\"heading.default\">\n\t\t\t\t<div class=\"elementor-widget-container\">\n\t\t\t<h1 class=\"elementor-heading-title elementor-size-default\">Booking<\/h1>\t\t<\/div>\n\t\t\t\t<\/div>\n\t\t\t\t<div class=\"elementor-element elementor-element-6f3106f elementor-widget__width-initial elementor-widget elementor-widget-text-editor\" data-id=\"6f3106f\" data-element_type=\"widget\" data-widget_type=\"text-editor.default\">\n\t\t\t\t<div class=\"elementor-widget-container\">\n\t\t\t\t\t\t\t<p>You&#8217;ve decided to come and spend a few days with us and visit our beautiful region, we look forward to getting to know you and &#8211; if you wish &#8211; sharing our knowledge of the area and its people with you. So don&#8217;t hesitate to contact us!<\/p>\n<p>At l&#8217;Autre Rives, the booking process is simple and the rates transparent: the price is indicated <strong>per night<\/strong> and includes <strong>breakfasts<\/strong>, <strong>parking<\/strong> (1 space per room), access to the <strong>sauna<\/strong>, <strong>gym<\/strong> and <strong>swimming pool<\/strong> (in season).<\/p>\n<p>There is also a <strong>tourist tax<\/strong> of \u20ac1.05\/person\/night.<\/p>\n<p>For any further information, please call us on 00 33 6 75 47 01 51 or send us a message to contact@lautrerives.com.<\/p>\n<p><strong>We look forward to seeing you soon!<br \/><\/strong><\/p>\n\t\t\t\t\t\t<\/div>\n\t\t\t\t<\/div>\n\t\t\t\t\t<\/div>\n\t\t<\/div>\n\t\t\t\t\t<\/div>\n\t\t<\/section>\n\t\t\t\t<section class=\"elementor-section elementor-top-section elementor-element elementor-element-56f0a67 elementor-section-full_width elementor-section-height-min-height elementor-section-items-top elementor-section-height-default\" data-id=\"56f0a67\" data-element_type=\"section\" data-settings=\"{&quot;background_background&quot;:&quot;classic&quot;}\">\n\t\t\t\t\t\t\t<div class=\"elementor-background-overlay\"><\/div>\n\t\t\t\t\t\t\t<div class=\"elementor-container elementor-column-gap-default\">\n\t\t\t\t\t<div class=\"elementor-column elementor-col-100 elementor-top-column elementor-element elementor-element-496b2a4\" data-id=\"496b2a4\" data-element_type=\"column\">\n\t\t\t<div class=\"elementor-widget-wrap elementor-element-populated\">\n\t\t\t\t\t\t<div class=\"elementor-element elementor-element-2ecfbf9 elementor-widget elementor-widget-html\" data-id=\"2ecfbf9\" data-element_type=\"widget\" data-widget_type=\"html.default\">\n\t\t\t\t<div class=\"elementor-widget-container\">\n\t\t\t<!-- d\u00e9but ke-booking -->\n<div id=\"ke-booking-ibe-frame\" style=\"width:100%;height:900px\">\n<script src=\"https:\/\/widgets.ke-booking.com\/en\/booking\/engine\/v3\/js\/Pfb8f207497bebc18b394b46d\/ke-booking.js\" type=\"text\/javascript\"><\/script>\n<\/div>\n<!-- fin ke-booking -->\t\t<\/div>\n\t\t\t\t<\/div>\n\t\t\t\t\t<\/div>\n\t\t<\/div>\n\t\t\t\t\t<\/div>\n\t\t<\/section>\n\t\t\t\t<\/div>\n\t\t","protected":false},"excerpt":{"rendered":"<p>Booking You&#8217;ve decided to come and spend a few days with us and visit our beautiful region, we look forward to getting to know you and &#8211; if you wish &#8211; sharing our knowledge of the area and its people with you. So don&#8217;t hesitate to contact us! At l&#8217;Autre Rives, the booking process is [&hellip;]<\/p>\n","protected":false},"author":1,"featured_media":3627,"parent":0,"menu_order":0,"comment_status":"closed","ping_status":"closed","template":"","meta":{"_acf_changed":false,"footnotes":""},"class_list":["post-5342","page","type-page","status-publish","has-post-thumbnail","hentry"],"acf":[],"yoast_head":"<!-- This site is optimized with the Yoast SEO plugin v27.4 - https:\/\/yoast.com\/product\/yoast-seo-wordpress\/ -->\n<title>Booking - L&#039;Autre Rives Maison d&#039;h\u00f4tes charme &amp; design \u00e0 Albi<\/title>\n<meta name=\"description\" content=\"Book directly and at the best guaranteed rate your bed and breakfast at L&#039;Autre Rives guest house in Albi in the Tarn.\" \/>\n<meta name=\"robots\" content=\"index, follow, max-snippet:-1, max-image-preview:large, max-video-preview:-1\" \/>\n<link rel=\"canonical\" href=\"https:\/\/lautrerives.com\/en\/booking\/\" \/>\n<meta property=\"og:locale\" content=\"en_US\" \/>\n<meta property=\"og:type\" content=\"article\" \/>\n<meta property=\"og:title\" content=\"Booking - L&#039;Autre Rives Maison d&#039;h\u00f4tes charme &amp; design \u00e0 Albi\" \/>\n<meta property=\"og:description\" content=\"Book directly and at the best guaranteed rate your bed and breakfast at L&#039;Autre Rives guest house in Albi in the Tarn.\" \/>\n<meta property=\"og:url\" content=\"https:\/\/lautrerives.com\/en\/booking\/\" \/>\n<meta property=\"og:site_name\" content=\"L&#039;Autre Rives\" \/>\n<meta property=\"article:publisher\" content=\"https:\/\/www.facebook.com\/lautrerives\/\" \/>\n<meta property=\"article:modified_time\" content=\"2024-12-30T17:16:25+00:00\" \/>\n<meta property=\"og:image\" content=\"https:\/\/lautrerives.com\/wp-content\/uploads\/2023\/04\/p-comm-232-scaled.jpg\" \/>\n\t<meta property=\"og:image:width\" content=\"2048\" \/>\n\t<meta property=\"og:image:height\" content=\"1366\" \/>\n\t<meta property=\"og:image:type\" content=\"image\/jpeg\" \/>\n<meta name=\"twitter:card\" content=\"summary_large_image\" \/>\n<meta name=\"twitter:label1\" content=\"Est. reading time\" \/>\n\t<meta name=\"twitter:data1\" content=\"1 minute\" \/>\n<script type=\"application\/ld+json\" class=\"yoast-schema-graph\">{\"@context\":\"https:\\\/\\\/schema.org\",\"@graph\":[{\"@type\":\"WebPage\",\"@id\":\"https:\\\/\\\/lautrerives.com\\\/en\\\/booking\\\/\",\"url\":\"https:\\\/\\\/lautrerives.com\\\/en\\\/booking\\\/\",\"name\":\"Booking - L&#039;Autre Rives Maison d&#039;h\u00f4tes charme &amp; design \u00e0 Albi\",\"isPartOf\":{\"@id\":\"https:\\\/\\\/lautrerives.com\\\/#website\"},\"primaryImageOfPage\":{\"@id\":\"https:\\\/\\\/lautrerives.com\\\/en\\\/booking\\\/#primaryimage\"},\"image\":{\"@id\":\"https:\\\/\\\/lautrerives.com\\\/en\\\/booking\\\/#primaryimage\"},\"thumbnailUrl\":\"https:\\\/\\\/lautrerives.com\\\/wp-content\\\/uploads\\\/2023\\\/04\\\/p-comm-232-scaled.jpg\",\"datePublished\":\"2024-02-01T16:44:42+00:00\",\"dateModified\":\"2024-12-30T17:16:25+00:00\",\"description\":\"Book directly and at the best guaranteed rate your bed and breakfast at L'Autre Rives guest house in Albi in the Tarn.\",\"breadcrumb\":{\"@id\":\"https:\\\/\\\/lautrerives.com\\\/en\\\/booking\\\/#breadcrumb\"},\"inLanguage\":\"en-US\",\"potentialAction\":[{\"@type\":\"ReadAction\",\"target\":[\"https:\\\/\\\/lautrerives.com\\\/en\\\/booking\\\/\"]}]},{\"@type\":\"ImageObject\",\"inLanguage\":\"en-US\",\"@id\":\"https:\\\/\\\/lautrerives.com\\\/en\\\/booking\\\/#primaryimage\",\"url\":\"https:\\\/\\\/lautrerives.com\\\/wp-content\\\/uploads\\\/2023\\\/04\\\/p-comm-232-scaled.jpg\",\"contentUrl\":\"https:\\\/\\\/lautrerives.com\\\/wp-content\\\/uploads\\\/2023\\\/04\\\/p-comm-232-scaled.jpg\",\"width\":2048,\"height\":1366,\"caption\":\"Les salons de l'Autre Rives, chambre d'h\u00f4tes situ\u00e9e en Occitanie, sont des lieux id\u00e9aux pour se ressourcer et profiter du calme de la maison.\"},{\"@type\":\"BreadcrumbList\",\"@id\":\"https:\\\/\\\/lautrerives.com\\\/en\\\/booking\\\/#breadcrumb\",\"itemListElement\":[{\"@type\":\"ListItem\",\"position\":1,\"name\":\"Accueil\",\"item\":\"https:\\\/\\\/lautrerives.com\\\/en\\\/\"},{\"@type\":\"ListItem\",\"position\":2,\"name\":\"Booking\"}]},{\"@type\":\"WebSite\",\"@id\":\"https:\\\/\\\/lautrerives.com\\\/#website\",\"url\":\"https:\\\/\\\/lautrerives.com\\\/\",\"name\":\"L'Autre Rives\",\"description\":\"Maison d&#039;h\u00f4tes charme &amp; design \u00e0 Albi\",\"publisher\":{\"@id\":\"https:\\\/\\\/lautrerives.com\\\/#organization\"},\"potentialAction\":[{\"@type\":\"SearchAction\",\"target\":{\"@type\":\"EntryPoint\",\"urlTemplate\":\"https:\\\/\\\/lautrerives.com\\\/?s={search_term_string}\"},\"query-input\":{\"@type\":\"PropertyValueSpecification\",\"valueRequired\":true,\"valueName\":\"search_term_string\"}}],\"inLanguage\":\"en-US\"},{\"@type\":\"Organization\",\"@id\":\"https:\\\/\\\/lautrerives.com\\\/#organization\",\"name\":\"L'Autre Rives\",\"url\":\"https:\\\/\\\/lautrerives.com\\\/\",\"logo\":{\"@type\":\"ImageObject\",\"inLanguage\":\"en-US\",\"@id\":\"https:\\\/\\\/lautrerives.com\\\/#\\\/schema\\\/logo\\\/image\\\/\",\"url\":\"https:\\\/\\\/lautrerives.com\\\/wp-content\\\/uploads\\\/2024\\\/01\\\/Personnalisez-L-autre-Rives-L-Autre-Rives.png\",\"contentUrl\":\"https:\\\/\\\/lautrerives.com\\\/wp-content\\\/uploads\\\/2024\\\/01\\\/Personnalisez-L-autre-Rives-L-Autre-Rives.png\",\"width\":283,\"height\":252,\"caption\":\"L'Autre Rives\"},\"image\":{\"@id\":\"https:\\\/\\\/lautrerives.com\\\/#\\\/schema\\\/logo\\\/image\\\/\"},\"sameAs\":[\"https:\\\/\\\/www.facebook.com\\\/lautrerives\\\/\",\"https:\\\/\\\/www.instagram.com\\\/lautrerives_maison_dhotes\\\/\",\"https:\\\/\\\/www.youtube.com\\\/@isabellemartial1877\",\"https:\\\/\\\/fr.linkedin.com\\\/company\\\/l-autre-rives\"]}]}<\/script>\n<!-- \/ Yoast SEO plugin. -->","yoast_head_json":{"title":"Booking - L&#039;Autre Rives Maison d&#039;h\u00f4tes charme &amp; design \u00e0 Albi","description":"Book directly and at the best guaranteed rate your bed and breakfast at L'Autre Rives guest house in Albi in the Tarn.","robots":{"index":"index","follow":"follow","max-snippet":"max-snippet:-1","max-image-preview":"max-image-preview:large","max-video-preview":"max-video-preview:-1"},"canonical":"https:\/\/lautrerives.com\/en\/booking\/","og_locale":"en_US","og_type":"article","og_title":"Booking - L&#039;Autre Rives Maison d&#039;h\u00f4tes charme &amp; design \u00e0 Albi","og_description":"Book directly and at the best guaranteed rate your bed and breakfast at L'Autre Rives guest house in Albi in the Tarn.","og_url":"https:\/\/lautrerives.com\/en\/booking\/","og_site_name":"L&#039;Autre Rives","article_publisher":"https:\/\/www.facebook.com\/lautrerives\/","article_modified_time":"2024-12-30T17:16:25+00:00","og_image":[{"width":2048,"height":1366,"url":"https:\/\/lautrerives.com\/wp-content\/uploads\/2023\/04\/p-comm-232-scaled.jpg","type":"image\/jpeg"}],"twitter_card":"summary_large_image","twitter_misc":{"Est. reading time":"1 minute"},"schema":{"@context":"https:\/\/schema.org","@graph":[{"@type":"WebPage","@id":"https:\/\/lautrerives.com\/en\/booking\/","url":"https:\/\/lautrerives.com\/en\/booking\/","name":"Booking - L&#039;Autre Rives Maison d&#039;h\u00f4tes charme &amp; design \u00e0 Albi","isPartOf":{"@id":"https:\/\/lautrerives.com\/#website"},"primaryImageOfPage":{"@id":"https:\/\/lautrerives.com\/en\/booking\/#primaryimage"},"image":{"@id":"https:\/\/lautrerives.com\/en\/booking\/#primaryimage"},"thumbnailUrl":"https:\/\/lautrerives.com\/wp-content\/uploads\/2023\/04\/p-comm-232-scaled.jpg","datePublished":"2024-02-01T16:44:42+00:00","dateModified":"2024-12-30T17:16:25+00:00","description":"Book directly and at the best guaranteed rate your bed and breakfast at L'Autre Rives guest house in Albi in the Tarn.","breadcrumb":{"@id":"https:\/\/lautrerives.com\/en\/booking\/#breadcrumb"},"inLanguage":"en-US","potentialAction":[{"@type":"ReadAction","target":["https:\/\/lautrerives.com\/en\/booking\/"]}]},{"@type":"ImageObject","inLanguage":"en-US","@id":"https:\/\/lautrerives.com\/en\/booking\/#primaryimage","url":"https:\/\/lautrerives.com\/wp-content\/uploads\/2023\/04\/p-comm-232-scaled.jpg","contentUrl":"https:\/\/lautrerives.com\/wp-content\/uploads\/2023\/04\/p-comm-232-scaled.jpg","width":2048,"height":1366,"caption":"Les salons de l'Autre Rives, chambre d'h\u00f4tes situ\u00e9e en Occitanie, sont des lieux id\u00e9aux pour se ressourcer et profiter du calme de la maison."},{"@type":"BreadcrumbList","@id":"https:\/\/lautrerives.com\/en\/booking\/#breadcrumb","itemListElement":[{"@type":"ListItem","position":1,"name":"Accueil","item":"https:\/\/lautrerives.com\/en\/"},{"@type":"ListItem","position":2,"name":"Booking"}]},{"@type":"WebSite","@id":"https:\/\/lautrerives.com\/#website","url":"https:\/\/lautrerives.com\/","name":"L'Autre Rives","description":"Maison d&#039;h\u00f4tes charme &amp; design \u00e0 Albi","publisher":{"@id":"https:\/\/lautrerives.com\/#organization"},"potentialAction":[{"@type":"SearchAction","target":{"@type":"EntryPoint","urlTemplate":"https:\/\/lautrerives.com\/?s={search_term_string}"},"query-input":{"@type":"PropertyValueSpecification","valueRequired":true,"valueName":"search_term_string"}}],"inLanguage":"en-US"},{"@type":"Organization","@id":"https:\/\/lautrerives.com\/#organization","name":"L'Autre Rives","url":"https:\/\/lautrerives.com\/","logo":{"@type":"ImageObject","inLanguage":"en-US","@id":"https:\/\/lautrerives.com\/#\/schema\/logo\/image\/","url":"https:\/\/lautrerives.com\/wp-content\/uploads\/2024\/01\/Personnalisez-L-autre-Rives-L-Autre-Rives.png","contentUrl":"https:\/\/lautrerives.com\/wp-content\/uploads\/2024\/01\/Personnalisez-L-autre-Rives-L-Autre-Rives.png","width":283,"height":252,"caption":"L'Autre Rives"},"image":{"@id":"https:\/\/lautrerives.com\/#\/schema\/logo\/image\/"},"sameAs":["https:\/\/www.facebook.com\/lautrerives\/","https:\/\/www.instagram.com\/lautrerives_maison_dhotes\/","https:\/\/www.youtube.com\/@isabellemartial1877","https:\/\/fr.linkedin.com\/company\/l-autre-rives"]}]}},"_links":{"self":[{"href":"https:\/\/lautrerives.com\/en\/wp-json\/wp\/v2\/pages\/5342","targetHints":{"allow":["GET"]}}],"collection":[{"href":"https:\/\/lautrerives.com\/en\/wp-json\/wp\/v2\/pages"}],"about":[{"href":"https:\/\/lautrerives.com\/en\/wp-json\/wp\/v2\/types\/page"}],"author":[{"embeddable":true,"href":"https:\/\/lautrerives.com\/en\/wp-json\/wp\/v2\/users\/1"}],"replies":[{"embeddable":true,"href":"https:\/\/lautrerives.com\/en\/wp-json\/wp\/v2\/comments?post=5342"}],"version-history":[{"count":12,"href":"https:\/\/lautrerives.com\/en\/wp-json\/wp\/v2\/pages\/5342\/revisions"}],"predecessor-version":[{"id":6644,"href":"https:\/\/lautrerives.com\/en\/wp-json\/wp\/v2\/pages\/5342\/revisions\/6644"}],"wp:featuredmedia":[{"embeddable":true,"href":"https:\/\/lautrerives.com\/en\/wp-json\/wp\/v2\/media\/3627"}],"wp:attachment":[{"href":"https:\/\/lautrerives.com\/en\/wp-json\/wp\/v2\/media?parent=5342"}],"curies":[{"name":"wp","href":"https:\/\/api.w.org\/{rel}","templated":true}]}}